{"id":1679,"date":"2020-10-15T15:59:29","date_gmt":"2020-10-15T15:59:29","guid":{"rendered":"http:\/\/get.tapeapp.com\/datenschutz\/"},"modified":"2023-09-25T15:16:15","modified_gmt":"2023-09-25T15:16:15","slug":"datenschutz","status":"publish","type":"page","link":"https:\/\/get.tapeapp.com\/de\/agb-datenschutz\/datenschutz\/","title":{"rendered":"Datenschutz"},"content":{"rendered":"\t\t<div data-elementor-type=\"wp-page\" data-elementor-id=\"1679\" class=\"elementor elementor-1679 elementor-1395\">\n\t\t\t\t\t\t<div class=\"elementor-inner\">\n\t\t\t\t<div class=\"elementor-section-wrap\">\n\t\t\t\t\t\t\t\t\t<section class=\"elementor-section elementor-top-section elementor-element elementor-element-d5f4fea elementor-section-boxed elementor-section-height-default elementor-section-height-default\" data-id=\"d5f4fea\" data-element_type=\"section\">\n\t\t\t\t\t\t<div class=\"elementor-container elementor-column-gap-default\">\n\t\t\t\t\t\t\t<div class=\"elementor-row\">\n\t\t\t\t\t<div class=\"elementor-column elementor-col-100 elementor-top-column elementor-element elementor-element-a3547c4\" data-id=\"a3547c4\" data-element_type=\"column\">\n\t\t\t<div class=\"elementor-column-wrap elementor-element-populated\">\n\t\t\t\t\t\t\t<div class=\"elementor-widget-wrap\">\n\t\t\t\t\t\t<div class=\"elementor-element elementor-element-e6e947b elementor-widget elementor-widget-heading\" data-id=\"e6e947b\" data-element_type=\"widget\" data-widget_type=\"heading.default\">\n\t\t\t\t<div class=\"elementor-widget-container\">\n\t\t\t<h2 class=\"elementor-heading-title elementor-size-default\">Datenschutz<\/h2>\t\t<\/div>\n\t\t\t\t<\/div>\n\t\t\t\t\t\t<\/div>\n\t\t\t\t\t<\/div>\n\t\t<\/div>\n\t\t\t\t\t\t\t\t<\/div>\n\t\t\t\t\t<\/div>\n\t\t<\/section>\n\t\t\t\t<section class=\"elementor-section elementor-top-section elementor-element elementor-element-4e01c45 elementor-section-boxed elementor-section-height-default elementor-section-height-default\" data-id=\"4e01c45\" data-element_type=\"section\">\n\t\t\t\t\t\t<div class=\"elementor-container elementor-column-gap-default\">\n\t\t\t\t\t\t\t<div class=\"elementor-row\">\n\t\t\t\t\t<div class=\"elementor-column elementor-col-100 elementor-top-column elementor-element elementor-element-49cc7bc\" data-id=\"49cc7bc\" data-element_type=\"column\">\n\t\t\t<div class=\"elementor-column-wrap elementor-element-populated\">\n\t\t\t\t\t\t\t<div class=\"elementor-widget-wrap\">\n\t\t\t\t\t\t<div class=\"elementor-element elementor-element-8cab511 elementor-widget elementor-widget-text-editor\" data-id=\"8cab511\" data-element_type=\"widget\" data-widget_type=\"text-editor.default\">\n\t\t\t\t<div class=\"elementor-widget-container\">\n\t\t\t\t\t\t\t\t<div class=\"elementor-text-editor elementor-clearfix\">\n\t\t\t\t<strong>Wir nehmen Datenschutz ernst<\/strong>\r\n\r\nDer Schutz Ihrer Privatsph\u00e4re bei der Verarbeitung pers\u00f6nlicher Daten ist f\u00fcr uns ein wichtiges Anliegen. Wenn Sie unsere Webseite besuchen, speichern unsere Webserver standardm\u00e4\u00dfig die IP Ihres Internet Service Provider, die Webseite, von der aus Sie uns besuchen, die Webseiten, die Sie bei uns besuchen sowie das Datum und die Dauer des Besuches. Diese Informationen sind f\u00fcr die technische \u00dcbertragung der Webseiten und den sicheren Serverbetrieb zwingend erforderlich. Eine personalisierte Auswertung dieser Daten erfolgt nicht.\r\n\r\n&nbsp;\r\n\r\nSofern Sie uns Daten per Kontakt-Formular senden, werden diese Daten im Zuge der Datensicherung auf unseren Servern gespeichert. Ihre Daten werden von uns ausschlie\u00dflich zur Bearbeitung Ihres Anliegens verwendet. Ihre Daten werden streng vertraulich behandelt. Eine Weitergabe an Dritte erfolgt nicht.\r\n\r\n&nbsp;\r\n\r\nVerantwortliche Stelle:\r\n\r\nTape Technologies GmbH\r\n\r\nHe\u00dfstra\u00dfe 96\r\n80797 M\u00fcnchen\r\nTelefon:\u00a0+49 89 99 01 3700\r\nE-Mail team@tapeapp.com\r\n\r\n&nbsp;\r\n\r\n<strong>Personenbezogene Daten<\/strong>\r\n\r\nPersonenbezogene Daten sind Daten \u00fcber Ihre Person. Diese beinhalten Ihren Namen, Ihre Adresse und Ihre E-Mail-Adresse. Sie m\u00fcssen auch keine personenbezogenen Daten preisgeben, um unsere Internetseite besuchen zu k\u00f6nnen. In einigen F\u00e4llen ben\u00f6tigen wir Ihren Namen und Adresse sowie weitere Informationen, um Ihnen die gew\u00fcnschte Dienstleistung anbieten zu k\u00f6nnen.\r\n\r\n&nbsp;\r\n\r\nDas Gleiche gilt f\u00fcr den Fall, dass wir Sie auf Wunsch mit Informationsmaterial beliefern bzw. wenn wir Ihre Anfragen beantworten. In diesen F\u00e4llen werden wir Sie immer darauf hinweisen. Au\u00dferdem speichern wir nur die Daten, die Sie uns automatisch oder freiwillig \u00fcbermittelt haben.\r\n\r\n&nbsp;\r\n\r\nWenn Sie einen unserer Services nutzen, sammeln wir in der Regel nur die Daten die notwendig sind, um Ihnen unseren Service bieten zu k\u00f6nnen. M\u00f6glicherweise fragen wir Sie nach weiteren Informationen, die aber freiwilliger Natur sind. Wann immer wir personenbezogene Daten verarbeiten, tun wir dies, um Ihnen unseren Service anbieten zu k\u00f6nnen oder um unsere kommerziellen Ziele zu verfolgen.\r\n\r\n&nbsp;\r\n\r\n<strong>Automatisch gespeicherte Daten:<\/strong>\r\n\r\n<strong>Server-Log-Dateien<\/strong>\r\n\r\n&nbsp;\r\n\r\nDer Provider der Seiten erhebt und speichert automatisch Informationen in so genannten Server-Log-Dateien, die Ihr Browser automatisch an uns \u00fcbermittelt. Dies sind:\r\n\r\n&nbsp;\r\n<ul>\r\n \t<li>Datum und Uhrzeit der Anforderung<\/li>\r\n \t<li>Name der angeforderten Datei<\/li>\r\n \t<li>Seite, von der aus die Datei angefordert wurde<\/li>\r\n \t<li>Zugriffsstatus (Datei \u00fcbertragen, Datei nicht gefunden, etc.)<\/li>\r\n \t<li>verwendeter Webbrowser und verwendetes Betriebssystem<\/li>\r\n \t<li>vollst\u00e4ndige IP-Adresse des anfordernden Rechners<\/li>\r\n \t<li>\u00fcbertragene Datenmenge<\/li>\r\n<\/ul>\r\nEine Zusammenf\u00fchrung dieser Daten mit anderen Datenquellen wird nicht vorgenommen. Die Verarbeitung erfolgt gem\u00e4\u00df Art. 6 Abs. 1 lit. f DSGVO auf Basis unseres berechtigten Interesses an der Verbesserung der Stabilit\u00e4t und Funktionalit\u00e4t unserer Website.\r\n\r\nAus Gr\u00fcnden der technischen Sicherheit, insbesondere zur Abwehr von Angriffsversuchen auf unseren Webserver, werden diese Daten von uns kurzzeitig gespeichert. Ein R\u00fcckschluss auf einzelne Personen ist uns anhand dieser Daten nicht m\u00f6glich. Nach sp\u00e4testens sieben Tagen werden die Daten durch Verk\u00fcrzung der IP-Adresse auf Domain-Ebene anonymisiert, so dass es nicht mehr m\u00f6glich ist, einen Bezug zum einzelnen Nutzer herzustellen. In anonymisierter Form werden die Daten daneben zu statistischen Zwecken verarbeitet; ein Abgleich mit anderen Datenbest\u00e4nden oder eine Weitergabe an Dritte, auch in Ausz\u00fcgen, findet nicht statt. Lediglich im Rahmen unserer Serverstatistik, die wir alle zwei Jahre in unserem T\u00e4tigkeitsbericht ver\u00f6ffentlichen, findet eine Darstellung der Anzahl der Seitenaufrufe statt.\r\n\r\n&nbsp;\r\n\r\n<strong>Cookies<\/strong>\r\n\r\n&nbsp;\r\n\r\nWenn Sie unsere Internetseiten besuchen speichern wir m\u00f6glicherweise Informationen auf Ihrem Computer in Form von Cookies. Cookies sind kleine Dateien, die von einem Internetserver an Ihren Browser \u00fcbertragen und auf dessen Festplatte gespeichert werden. Lediglich die Internet-Protokoll- Adresse wird hierbei gespeichert, keine personenbezogenen Daten. Diese Information, die in den Cookies gespeichert wird, erlaubt es, Sie bei dem n\u00e4chsten Besuch auf unserer Internetseite automatisch wiederzuerkennen, wodurch Ihnen die Nutzung erleichtert wird. Rechtsgrundlage f\u00fcr den Einsatz von Cookies ist das berechtigte Interesse gem\u00e4\u00df Art. 6 Abs. 1 lit. f DSGVO.\r\n\r\n&nbsp;\r\n\r\nNat\u00fcrlich k\u00f6nnen Sie unsere Internetseiten auch besuchen ohne Cookies zu akzeptieren. Wenn Sie nicht m\u00f6chten, dass Ihr Computer beim n\u00e4chsten Besuch wiedererkannt wird k\u00f6nnen Sie die Verwendung von Cookies auch ablehnen, indem Sie die Einstellungen in Ihrem Browser auf \u201eCookies ablehnen\u201c \u00e4ndern. Die jeweilige Vorgehensweise finden Sie in der Bedienungsanleitung Ihres jeweiligen Browsers. Wenn Sie die Verwendung von Cookies ablehnen, kann es jedoch zu Einschr\u00e4nkungen in der Nutzung mancher Bereiche unserer Internetseiten kommen.\r\n\r\n<strong>Kundenkonto<\/strong>\r\n\r\nSie haben die M\u00f6glichkeit, sich f\u00fcr die auf unserer Webseite bereitgestellten Dienste zu registrieren und damit ein Benutzerprofil (Account) anzulegen. Im Rahmen der Registrierung und Einrichtung erheben und verwenden wir folgende personenbezogenen Daten:\r\n<ul>\r\n \t<li>Name<\/li>\r\n \t<li>E-Mail-Adresse<\/li>\r\n \t<li>Passwort<\/li>\r\n \t<li>Datum und Uhrzeit der Registrierung<\/li>\r\n<\/ul>\r\nDiese Daten werden ben\u00f6tigt, um ein Benutzerprofil (Account) f\u00fcr Sie einzurichten. Sie verpflichten sich, die pers\u00f6nlichen Zugangsdaten vertraulich zu behandeln und keinem unbefugten Dritten zug\u00e4nglich zu machen. Wir k\u00f6nnen keine Haftung f\u00fcr missbr\u00e4uchlich verwendete Passw\u00f6rter \u00fcbernehmen, es sei denn, wir h\u00e4tten den Missbrauch zu vertreten.\r\n\r\n<strong>Newsletter<\/strong>\r\n\r\n<strong>\u00a0<\/strong>F\u00fcr den Versand des Newsletters verwenden wir das sogenannte Double-Opt-in-Verfahren, d.h., wir werden Ihnen erst dann einen Newsletter per E-Mail zusenden, wenn Sie uns zuvor ausdr\u00fccklich best\u00e4tigt haben, dass wir den Newsletter-Dienst aktivieren sollen. Wir werden Ihnen dann eine Benachrichtigungs-E-Mail zusenden und Sie bitten, durch das Anklicken eines in dieser E-Mail enthaltenen Links zu best\u00e4tigen, dass Sie unseren Newsletter erhalten m\u00f6chten. Bei Ihrer Anmeldung zu unserem Newsletter speichern wir Ihre IP-Adresse und das Datum der Anmeldung. Diese Speicherung dient allein dem Nachweis f\u00fcr den Fall, dass ein Dritter Ihre E-Mailadresse missbraucht um Sie ohne Ihr Wissen oder Ihre Berechtigung f\u00fcr den Newsletterempfang anzumelden. Sollten Sie sp\u00e4ter keine Newsletter mehr von uns erhalten wollen, k\u00f6nnen Sie diesem jederzeit widersprechen, ohne dass hierf\u00fcr andere als die \u00dcbermittlungskosten nach den Basistarifen entstehen.\r\n\r\n<strong>Google Analytics mit Anonymisierungsfunktion<\/strong>\r\n\r\n<strong>\u00a0<\/strong>Wir setzen auf unserer Seite Google Analytics, einen Webanalysedienst der Firma Google Ireland Limited, Gordon House, Barrow Street, Dublin 4, Irland, nachfolgend \u201eGoogle\u201c ein. Google Analytics verwendet Cookies, Textdateien, die auf Ihrem Computer gespeichert werden und hierdurch eine Analyse der Benutzung der Website durch Sie erm\u00f6glichen.\r\n\r\n&nbsp;\r\n\r\nDie durch diese Cookies erzeugten Informationen, beispielsweise Zeit, Ort und H\u00e4ufigkeit Ihres Webseiten-Besuchs einschlie\u00dflich Ihrer IP-Adresse, werden an Google in den USA \u00fcbertragen und dort gespeichert.\r\n\r\n&nbsp;\r\n\r\nWir verwenden auf unserer Website Google-Analytics mit dem Zusatz &#8222;_gat._anonymizeIp&#8220;. Ihre IP-Adresse wird in diesem Fall von Google schon innerhalb von Mitgliedstaaten der Europ\u00e4ischen Union oder in anderen Vertragsstaaten des Abkommens \u00fcber den Europ\u00e4ischen Wirtschaftsraum gek\u00fcrzt und dadurch anonymisiert.\r\n\r\n&nbsp;\r\n\r\nGoogle wird diese Informationen benutzen, um Ihre Nutzung unserer Seite auszuwerten, um Reports \u00fcber die Websiteaktivit\u00e4ten f\u00fcr uns zusammenzustellen und um weitere mit der Websitenutzung und der Internetnutzung verbundene Dienstleistungen zu erbringen. Auch wird Google diese Informationen gegebenenfalls an Dritte \u00fcbertragen, sofern dies gesetzlich vorgeschrieben oder soweit Dritte diese Daten im Auftrag von Google verarbeiten.\r\n\r\n&nbsp;\r\n\r\nGoogle wird, nach eigenen Angaben, in keinem Fall Ihre IP-Adresse mit anderen Daten von Google in Verbindung bringen. Sie k\u00f6nnen die Installation der Cookies durch eine entsprechende Einstellung Ihrer Browser-Software verhindern; wir weisen Sie jedoch darauf hin, dass Sie in diesem Fall gegebenenfalls nicht s\u00e4mtliche Funktionen unserer Website vollumf\u00e4nglich nutzen k\u00f6nnen. Des Weiteren bietet Google f\u00fcr die g\u00e4ngigsten Browser ein Deaktivierungs-Add-on an, welches Ihnen mehr Kontrolle dar\u00fcber gibt, welche Daten von Google zu den von Ihnen aufgerufenen Websites erfasst werden. Das Add-on teilt dem JavaScript (ga.js) von Google Analytics mit, dass keine Informationen zum Website-Besuch an Google Analytics \u00fcbermittelt werden sollen. Das Deaktivierungs-Add-on f\u00fcr Browser von Google Analytics verhindert aber nicht, dass Informationen an uns oder an andere von uns gegebenenfalls eingesetzte Webanalyse-Services \u00fcbermittelt werden. Weitere Informationen zur Installation des Browser-Add-on erhalten Sie \u00fcber nachfolgenden Link:\u00a0<a href=\"https:\/\/tools.google.com\/dlpage\/gaoptout?hl=de\">https:\/\/tools.google.com\/dlpage\/gaoptout?hl=de<\/a>\r\n\r\n&nbsp;\r\n\r\nWenn Sie unsere Seite \u00fcber ein mobiles Endger\u00e4t (Smartphone oder Tablet) besuchen, m\u00fcssen Sie stattdessen\u00a0<a target=\"_blank\">diesen Link klicken<\/a>,\u00a0 um das Tracking durch Google Analytics innerhalb dieser Website zuk\u00fcnftig zu unterbinden. Dies ist auch als Alternative zu obigem Browser-Add-on m\u00f6glich. Durch Klicken des Links wird ein Opt-out-Cookie in Ihrem Browser gesetzt, das nur f\u00fcr diesen Browser und diese Domain g\u00fcltig ist. Wenn Sie die Cookies in diesem Browser\u00a0 l\u00f6schen, wird auch das Opt-Out-Cookie gel\u00f6scht, so dass Sie den Link erneut klicken m\u00fcssen.\r\n\r\n&nbsp;\r\n\r\nSofern Sie zugestimmt haben, dass Ihr Web- und App-Browserverlauf von Google mit Ihrem Google-Konto verkn\u00fcpft wird und Informationen aus ihrem Google-Konto zum Personalisieren von Anzeigen verwendet werden, verwendet Google Ihre Daten zusammen mit Google Analytics-Daten, um Zielgruppenlisten f\u00fcr ger\u00e4te\u00fcbergreifendes Remarketing zu erstellen. Dazu werden von Google Analytics zun\u00e4chst auf unserer Website Ihre Google-authentifizierte ID erfasst, die mit Ihrem Google-Konto verkn\u00fcpft ist (also personenbezogene Daten). Anschlie\u00dfend wird von Google Analytics Ihre ID vor\u00fcbergehend mit Ihren Google-Analytics-Daten verkn\u00fcpft, um unsere Zielgruppen zu optimieren.\r\n\r\nWenn Sie damit nicht einverstanden sind, k\u00f6nnen Sie dies durch entsprechende Einstellungen im Bereich \u201eMein Konto&#8220; Ihres Google-Kontos abstellen.\r\n\r\n<strong>S<\/strong><strong>icherheit<\/strong>\r\n\r\n&nbsp;\r\n\r\nWir haben technische und administrative Sicherheitsvorkehrungen getroffen um Ihre personenbezogenen Daten gegen Verlust, Zerst\u00f6rung, Manipulation und unautorisierten Zugriff zu sch\u00fctzen. All unsere Mitarbeiter sowie f\u00fcr uns t\u00e4tige Dienstleister sind auf die g\u00fcltigen Datenschutzgesetze verpflichtet.\r\n\r\n&nbsp;\r\n\r\nWann immer wir personenbezogene Daten sammeln und verarbeiten werden diese verschl\u00fcsselt, bevor sie \u00fcbertragen werden. Das hei\u00dft, dass Ihre Daten nicht von Dritten missbraucht werden k\u00f6nnen. Unsere Sicherheitsvorkehrungen unterliegen dabei einem st\u00e4ndigen Verbesserungsprozess und unsere Datenschutzerkl\u00e4rungen werden st\u00e4ndig \u00fcberarbeitet. Bitte stellen Sie sicher, dass Ihnen die aktuellste Version vorliegt.\r\n\r\n&nbsp;\r\n\r\n<strong>Betroffenenrechte<\/strong>\r\n\r\nSie haben jederzeit ein Recht auf Auskunft, Berichtigung, L\u00f6schung oder Einschr\u00e4nkung der Verarbeitung Ihrer gespeicherten Daten, ein Widerspruchsrecht gegen die Verarbeitung sowie ein Recht auf Daten\u00fcbertragbarkeit und auf Beschwerde gem\u00e4\u00df den Voraussetzungen des Datenschutzrechts.\r\n\r\n&nbsp;\r\n\r\n<strong>Recht auf Auskunft:<\/strong>\r\n\r\nSie k\u00f6nnen von uns eine Auskunft verlangen, ob und in welchem Ausma\u00df wir Ihre Daten verarbeiten.\r\n\r\n<strong>Recht auf Berichtigung<\/strong>\r\n\r\nVerarbeiten wir Ihre Daten, die unvollst\u00e4ndig oder unrichtig sind, so k\u00f6nnen Sie jederzeit deren Berichtigung bzw. deren Vervollst\u00e4ndigung von uns verlangen.\r\n\r\n<strong>Recht auf L\u00f6schung<\/strong>\r\n\r\nSie k\u00f6nnen von uns die L\u00f6schung Ihrer Daten verlangen, sofern wir diese unrechtm\u00e4\u00dfig verarbeiten oder die Verarbeitung unverh\u00e4ltnism\u00e4\u00dfig in Ihre berechtigten Schutzinteressen eingreift. Bitte beachten Sie, dass es Gr\u00fcnde geben kann, die einer sofortigen L\u00f6schung entgegenstehen, z.B. im Fall von gesetzlich geregelten Aufbewahrungspflichten.\r\n\r\nUnabh\u00e4ngig von der Wahrnehmung Ihres Rechts auf L\u00f6schung, werden wir Ihre Daten umgehend und vollst\u00e4ndig l\u00f6schen, soweit keine diesbez\u00fcgliche rechtsgesch\u00e4ftliche oder gesetzliche Aufbewahrungspflicht entgegensteht.\r\n\r\n<strong>Recht auf Einschr\u00e4nkung der Verarbeitung<\/strong>\r\n\r\nSie k\u00f6nnen von uns die Einschr\u00e4nkung der Verarbeitung Ihrer Daten verlangen, wenn\r\n<ul>\r\n \t<li>Sie die Richtigkeit der Daten bestreiten, und zwar f\u00fcr eine Dauer, die es uns erm\u00f6glicht, die Richtigkeit der Daten zu \u00fcberpr\u00fcfen,<\/li>\r\n \t<li>die Verarbeitung der Daten unrechtm\u00e4\u00dfig ist, Sie aber eine L\u00f6schung ablehnen und stattdessen eine Einschr\u00e4nkung der Datennutzung verlangen,<\/li>\r\n \t<li>wir die Daten f\u00fcr den vorgesehenen Zweck nicht mehr ben\u00f6tigen, Sie diese Daten aber noch zur Geltendmachung oder Verteidigung von Rechtsanspr\u00fcchen brauchen, oder<\/li>\r\n \t<li>Sie Widerspruch gegen die Verarbeitung der Daten eingelegt haben.<\/li>\r\n<\/ul>\r\n<strong>Recht auf Daten\u00fcbertragbarkeit<\/strong>\r\n\r\nSie k\u00f6nnen von uns verlangen, dass wir Ihnen Ihre Daten, die Sie uns bereitgestellt haben, in einem strukturierten, g\u00e4ngigen und maschinenlesbaren Format zur Verf\u00fcgung stellen und dass Sie diese Daten einem anderen Verantwortlichen ohne Behinderung durch uns \u00fcbermitteln k\u00f6nnen, sofern\r\n<ul>\r\n \t<li>wir diese Daten aufgrund einer von Ihnen erteilten und widerrufbaren Zustimmung oder zur Erf\u00fcllung eines Vertrages zwischen uns verarbeiten und<\/li>\r\n \t<li>diese Verarbeitung mithilfe automatisierter Verfahren erfolgt.<\/li>\r\n<\/ul>\r\nBei technischer Machbarkeit k\u00f6nnen Sie von uns eine direkte \u00dcbermittlung Ihrer Daten an einen anderen Verantwortlichen verlangen.\r\n\r\n<strong>Widerspruchsrecht<\/strong>\r\n\r\nVerarbeiten wir Ihre Daten aus berechtigtem Interesse, so k\u00f6nnen Sie gegen diese Datenverarbeitung jederzeit Widerspruch einlegen; dies w\u00fcrde auch f\u00fcr ein auf diese Bestimmungen gest\u00fctztes Profiling gelten. Wir verarbeiten dann Ihre Daten nicht mehr, es sei denn, wir k\u00f6nnen zwingende schutzw\u00fcrdige Gr\u00fcnde f\u00fcr die Verarbeitung nachweisen, die Ihre Interessen, Rechte und Freiheiten \u00fcberwiegen oder die Verarbeitung dient der Geltendmachung, Aus\u00fcbung oder Verteidigung von Rechtsanspr\u00fcchen. Der Verarbeitung Ihrer Daten zum Zweck der Direktwerbung k\u00f6nnen Sie jederzeit ohne Angabe von Gr\u00fcnden widersprechen.\r\n\r\n<strong>Beschwerderecht<\/strong>\r\n\r\nSind Sie der Meinung, dass wir bei der Verarbeitung Ihrer Daten gegen deutsches oder europ\u00e4isches Datenschutzrecht versto\u00dfen, so bitten wir Sie, mit uns Kontakt aufzunehmen, um Fragen aufkl\u00e4ren zu k\u00f6nnen. Sie haben selbstverst\u00e4ndlich auch das Recht, sich an die f\u00fcr Sie zust\u00e4ndige Aufsichtsbeh\u00f6rde, das jeweilige Landesamt f\u00fcr Datenschutzaufsicht, zu wenden.\r\n\r\nSofern Sie eines der genannten Rechte uns gegen\u00fcber geltend machen wollen, so wenden Sie sich bitte an unseren Datenschutzbeauftragten. Im Zweifel k\u00f6nnen wir zus\u00e4tzliche Informationen zur Best\u00e4tigung Ihrer Identit\u00e4t anfordern.\r\n\r\n&nbsp;\r\n\r\n<strong>\u00c4nderungen dieser Datenschutzerkl\u00e4rung<\/strong>\r\n\r\n<strong>\u00a0<\/strong>Wir behalten uns das Recht vor, unsere Datenschutzerkl\u00e4rungen zu \u00e4ndern, falls dies aufgrund neuer Technologien notwendig sein sollte. Bitte stellen Sie sicher, dass Ihnen die aktuellste Version vorliegt. Werden an dieser Datenschutzerkl\u00e4rung grundlegende \u00c4nderungen vorgenommen, geben wir diese auf unserer Website bekannt.\r\n\r\n&nbsp;\r\n\r\nAlle Interessenten und Besucher unserer Internetseite erreichen uns in Datenschutzfragen unter:\r\n\r\n&nbsp;\r\n\r\nMatthias Hassler LL.M.\r\nProjekt 29 GmbH &amp; Co. KG\r\nOstengasse 14\r\n93047 Regensburg\r\n\r\n&nbsp;\r\n\r\nTel.: 0941 2986930\r\nFax: 0941 29869316\r\nE-Mail: m.hassler@projekt29.de\r\nInternet: www.projekt29.de\r\n\r\n&nbsp;\r\n\r\nSollte unser Datenschutzbeauftragter Ihr Anliegen nicht zu Ihrer Zufriedenheit beantworten k\u00f6nnen, bleibt Ihnen in jedem Falle Ihr Recht auf Beschwerde bei der f\u00fcr Ihr Bundesland zust\u00e4ndigen Datenschutz-Aufsichtsbeh\u00f6rde.\t\t\t\t\t<\/div>\n\t\t\t\t\t\t<\/div>\n\t\t\t\t<\/div>\n\t\t\t\t\t\t<\/div>\n\t\t\t\t\t<\/div>\n\t\t<\/div>\n\t\t\t\t\t\t\t\t<\/div>\n\t\t\t\t\t<\/div>\n\t\t<\/section>\n\t\t\t\t<section class=\"elementor-section elementor-top-section elementor-element elementor-element-25c35e3 elementor-section-boxed elementor-section-height-default elementor-section-height-default\" data-id=\"25c35e3\" data-element_type=\"section\" data-settings=\"{&quot;background_background&quot;:&quot;classic&quot;,&quot;shape_divider_bottom&quot;:&quot;curve&quot;,&quot;shape_divider_bottom_negative&quot;:&quot;yes&quot;}\">\n\t\t\t\t\t<div class=\"elementor-shape elementor-shape-bottom\" data-negative=\"true\">\n\t\t\t<svg xmlns=\"http:\/\/www.w3.org\/2000\/svg\" viewBox=\"0 0 1000 100\" preserveAspectRatio=\"none\">\n\t<path class=\"elementor-shape-fill\" d=\"M500,97C126.7,96.3,0.8,19.8,0,0v100l1000,0V1C1000,19.4,873.3,97.8,500,97z\"\/>\n<\/svg>\t\t<\/div>\n\t\t\t\t\t<div class=\"elementor-container elementor-column-gap-default\">\n\t\t\t\t\t\t\t<div class=\"elementor-row\">\n\t\t\t\t\t<div class=\"elementor-column elementor-col-100 elementor-top-column elementor-element elementor-element-8586d7d\" data-id=\"8586d7d\" data-element_type=\"column\">\n\t\t\t<div class=\"elementor-column-wrap elementor-element-populated\">\n\t\t\t\t\t\t\t<div class=\"elementor-widget-wrap\">\n\t\t\t\t\t\t<div class=\"elementor-element elementor-element-2e89691 elementor-widget elementor-widget-heading\" data-id=\"2e89691\" data-element_type=\"widget\" data-widget_type=\"heading.default\">\n\t\t\t\t<div class=\"elementor-widget-container\">\n\t\t\t<h2 class=\"elementor-heading-title elementor-size-default\">Join and shape the journey of Tape.<\/h2>\t\t<\/div>\n\t\t\t\t<\/div>\n\t\t\t\t<div class=\"elementor-element elementor-element-0f50c14 elementor-widget__width-auto elementor-widget-tablet__width-auto elementor-widget-mobile__width-inherit elementor-mobile-align-justify elementor-widget elementor-widget-button\" data-id=\"0f50c14\" data-element_type=\"widget\" data-settings=\"{&quot;_animation&quot;:&quot;none&quot;,&quot;_animation_delay&quot;:50}\" data-widget_type=\"button.default\">\n\t\t\t\t<div class=\"elementor-widget-container\">\n\t\t\t\t\t<div class=\"elementor-button-wrapper\">\n\t\t\t<a href=\"https:\/\/tapeapp.com\/get-started?lang=en\" class=\"elementor-button-link elementor-button elementor-size-lg\" role=\"button\">\n\t\t\t\t\t\t<span class=\"elementor-button-content-wrapper\">\n\t\t\t\t\t\t<span class=\"elementor-button-text\">Try for free<\/span>\n\t\t<\/span>\n\t\t\t\t\t<\/a>\n\t\t<\/div>\n\t\t\t\t<\/div>\n\t\t\t\t<\/div>\n\t\t\t\t<div class=\"elementor-element elementor-element-554614e elementor-widget__width-auto elementor-widget-mobile__width-inherit elementor-mobile-align-justify elementor-widget elementor-widget-button\" data-id=\"554614e\" data-element_type=\"widget\" data-settings=\"{&quot;_animation&quot;:&quot;none&quot;,&quot;_animation_delay&quot;:100}\" data-widget_type=\"button.default\">\n\t\t\t\t<div class=\"elementor-widget-container\">\n\t\t\t\t\t<div class=\"elementor-button-wrapper\">\n\t\t\t<a href=\"https:\/\/get.tapeapp.com\/newsletter\/\" class=\"elementor-button-link elementor-button elementor-size-lg\" role=\"button\">\n\t\t\t\t\t\t<span class=\"elementor-button-content-wrapper\">\n\t\t\t\t\t\t<span class=\"elementor-button-text\">Send me updates<\/span>\n\t\t<\/span>\n\t\t\t\t\t<\/a>\n\t\t<\/div>\n\t\t\t\t<\/div>\n\t\t\t\t<\/div>\n\t\t\t\t\t\t<\/div>\n\t\t\t\t\t<\/div>\n\t\t<\/div>\n\t\t\t\t\t\t\t\t<\/div>\n\t\t\t\t\t<\/div>\n\t\t<\/section>\n\t\t\t\t\t\t\t\t\t<\/div>\n\t\t\t<\/div>\n\t\t\t\t\t<\/div>\n\t\t","protected":false},"excerpt":{"rendered":"<p>Datenschutz Wir nehmen Datenschutz ernst Der Schutz Ihrer Privatsph\u00e4re bei der Verarbeitung pers\u00f6nlicher Daten ist f\u00fcr uns ein wichtiges Anliegen. Wenn Sie unsere Webseite besuchen, speichern unsere Webserver standardm\u00e4\u00dfig die IP Ihres Internet Service Provider, die Webseite, von der aus &hellip; <a href=\"https:\/\/get.tapeapp.com\/de\/agb-datenschutz\/datenschutz\/\">Read More<\/a><\/p>\n","protected":false},"author":1,"featured_media":0,"parent":15411,"menu_order":27,"comment_status":"closed","ping_status":"closed","template":"elementor_theme","meta":{"inline_featured_image":false},"_links":{"self":[{"href":"https:\/\/get.tapeapp.com\/de\/wp-json\/wp\/v2\/pages\/1679"}],"collection":[{"href":"https:\/\/get.tapeapp.com\/de\/wp-json\/wp\/v2\/pages"}],"about":[{"href":"https:\/\/get.tapeapp.com\/de\/wp-json\/wp\/v2\/types\/page"}],"author":[{"embeddable":true,"href":"https:\/\/get.tapeapp.com\/de\/wp-json\/wp\/v2\/users\/1"}],"replies":[{"embeddable":true,"href":"https:\/\/get.tapeapp.com\/de\/wp-json\/wp\/v2\/comments?post=1679"}],"version-history":[{"count":60,"href":"https:\/\/get.tapeapp.com\/de\/wp-json\/wp\/v2\/pages\/1679\/revisions"}],"predecessor-version":[{"id":12105,"href":"https:\/\/get.tapeapp.com\/de\/wp-json\/wp\/v2\/pages\/1679\/revisions\/12105"}],"up":[{"embeddable":true,"href":"https:\/\/get.tapeapp.com\/de\/wp-json\/wp\/v2\/pages\/15411"}],"wp:attachment":[{"href":"https:\/\/get.tapeapp.com\/de\/wp-json\/wp\/v2\/media?parent=1679"}],"curies":[{"name":"wp","href":"https:\/\/api.w.org\/{rel}","templated":true}]}}