{"id":1683,"date":"2020-10-15T16:02:08","date_gmt":"2020-10-15T16:02:08","guid":{"rendered":"http:\/\/get.tapeapp.com\/informationspflichten\/"},"modified":"2022-01-28T13:52:26","modified_gmt":"2022-01-28T13:52:26","slug":"informationspflichten","status":"publish","type":"page","link":"https:\/\/get.tapeapp.com\/de\/agb-datenschutz\/informationspflichten\/","title":{"rendered":"Informationspflichten"},"content":{"rendered":"\t\t<div data-elementor-type=\"wp-page\" data-elementor-id=\"1683\" class=\"elementor elementor-1683 elementor-1357\">\n\t\t\t\t\t\t<div class=\"elementor-inner\">\n\t\t\t\t<div class=\"elementor-section-wrap\">\n\t\t\t\t\t\t\t\t\t<section class=\"elementor-section elementor-top-section elementor-element elementor-element-bb9ec89 elementor-section-boxed elementor-section-height-default elementor-section-height-default\" data-id=\"bb9ec89\" data-element_type=\"section\">\n\t\t\t\t\t\t<div class=\"elementor-container elementor-column-gap-default\">\n\t\t\t\t\t\t\t<div class=\"elementor-row\">\n\t\t\t\t\t<div class=\"elementor-column elementor-col-100 elementor-top-column elementor-element elementor-element-6097e69\" data-id=\"6097e69\" data-element_type=\"column\">\n\t\t\t<div class=\"elementor-column-wrap elementor-element-populated\">\n\t\t\t\t\t\t\t<div class=\"elementor-widget-wrap\">\n\t\t\t\t\t\t<div class=\"elementor-element elementor-element-f8a4184 elementor-widget elementor-widget-heading\" data-id=\"f8a4184\" data-element_type=\"widget\" data-widget_type=\"heading.default\">\n\t\t\t\t<div class=\"elementor-widget-container\">\n\t\t\t<h2 class=\"elementor-heading-title elementor-size-default\">Informationspflichten<\/h2>\t\t<\/div>\n\t\t\t\t<\/div>\n\t\t\t\t\t\t<\/div>\n\t\t\t\t\t<\/div>\n\t\t<\/div>\n\t\t\t\t\t\t\t\t<\/div>\n\t\t\t\t\t<\/div>\n\t\t<\/section>\n\t\t\t\t<section class=\"elementor-section elementor-top-section elementor-element elementor-element-796812c elementor-section-boxed elementor-section-height-default elementor-section-height-default\" data-id=\"796812c\" data-element_type=\"section\">\n\t\t\t\t\t\t<div class=\"elementor-container elementor-column-gap-default\">\n\t\t\t\t\t\t\t<div class=\"elementor-row\">\n\t\t\t\t\t<div class=\"elementor-column elementor-col-100 elementor-top-column elementor-element elementor-element-ad87446\" data-id=\"ad87446\" data-element_type=\"column\">\n\t\t\t<div class=\"elementor-column-wrap elementor-element-populated\">\n\t\t\t\t\t\t\t<div class=\"elementor-widget-wrap\">\n\t\t\t\t\t\t<div class=\"elementor-element elementor-element-4927353 elementor-widget elementor-widget-text-editor\" data-id=\"4927353\" data-element_type=\"widget\" data-widget_type=\"text-editor.default\">\n\t\t\t\t<div class=\"elementor-widget-container\">\n\t\t\t\t\t\t\t\t<div class=\"elementor-text-editor elementor-clearfix\">\n\t\t\t\t<p><b style=\"color: inherit; font-family: inherit; font-size: inherit; font-style: inherit; letter-spacing: 0px;\">Informationspflichten<span style=\"color: inherit; font-family: inherit; font-size: inherit; font-style: inherit; letter-spacing: 0px;\">\u00a0gem. Art.13 DS-GVO<\/span><\/b><\/p><p><span style=\"color: inherit; font-family: inherit; font-size: inherit; font-style: inherit; font-weight: inherit; letter-spacing: 0px;\">Der Schutz Ihrer pers\u00f6nlichen Daten ist uns ein besonderes Anliegen. Wir verarbeiten Ihre personenbezogenen Daten (kurz \u201eDaten&#8220;) daher ausschlie\u00dflich auf Grundlage der gesetzlichen Bestimmungen. Mit dieser Datenschutzerkl\u00e4rung wollen wir Sie \u00fcber die Verarbeitung Ihrer Daten in unserem Unternehmen und die Ihnen zustehenden datenschutzrechtlichen Anspr\u00fcche und Rechte umfassend im Sinne des Art. 13 der Europ\u00e4ischen Datenschutz-Grundverordnung (EU DS-GVO) informieren.<\/span><\/p><p><span style=\"color: inherit; font-family: inherit; font-size: inherit; font-style: inherit; letter-spacing: 0px;\"><br \/><b>1. Wer ist f\u00fcr die Datenverarbeitung verantwortlich und an wen k\u00f6nnen Sie sich wenden?<\/b><\/span><\/p><p><span style=\"color: inherit; font-family: inherit; font-size: inherit; font-style: inherit; letter-spacing: 0px;\"><b>Verantwortlich ist:<\/b><\/span><\/p><p>Tape Technologies GmbH<br \/>He\u00dfstra\u00dfe 96<br \/>80797 M\u00fcnchen<br \/>Deutschland<br \/>E-Mail:\u00a0info@tape.de<a href=\"mailto:contact@microfuzzy.comPhone\"><br \/><\/a>Telefon: +49 89 1890 874 70<\/p><p><b>Der betriebliche Datenschutzbeauftragte ist<\/b><\/p><p>Matthias Ha\u00dfler (LL.M.)<br \/><span style=\"color: inherit; font-family: inherit; font-size: inherit; font-style: inherit; font-weight: inherit; letter-spacing: 0px;\">Projekt 29 GmbH &amp; Co. KG<br \/><\/span><span style=\"color: inherit; font-family: inherit; font-size: inherit; font-style: inherit; font-weight: inherit; letter-spacing: 0px;\">Ostengasse 14<br \/><\/span><span style=\"color: inherit; font-family: inherit; font-size: inherit; font-style: inherit; font-weight: inherit; letter-spacing: 0px;\">93047 Regensburg<br \/><\/span><span style=\"color: inherit; font-family: inherit; font-size: inherit; font-style: inherit; font-weight: inherit; letter-spacing: 0px;\">E-Mail: anfragen@projekt29.de<br \/><\/span><span style=\"color: inherit; font-family: inherit; font-size: inherit; font-style: inherit; font-weight: inherit; letter-spacing: 0px;\">Tel.: +49 941 2986 930<\/span><\/p><p><span style=\"color: inherit; font-family: inherit; font-size: inherit; font-style: inherit; letter-spacing: 0px;\"><br \/><b>2. Welche Daten werden verarbeitet und aus welchen Quellen stammen diese Daten?<\/b><\/span><\/p><p>Wir verarbeiten die Daten, die wir im Rahmen der Vertragsanbahnung bzw. -abwicklung, anhand von Einwilligungen oder im Rahmen Ihrer Bewerbung bei uns bzw. im Rahmen Ihrer Mitarbeiterschaft bei uns von Ihnen erhalten haben.<\/p><p><strong>Zu den personenbezogenen Daten z\u00e4hlen:<\/strong><\/p><p><span style=\"color: inherit; font-family: inherit; font-size: inherit; font-style: inherit; font-weight: inherit; letter-spacing: 0px;\">Ihre Stamm-\/Kontaktdaten, hierzu z\u00e4hlen bei <\/span><strong style=\"color: inherit; font-family: inherit; font-size: inherit; font-style: inherit; letter-spacing: 0px;\">Kunden<\/strong><span style=\"color: inherit; font-family: inherit; font-size: inherit; font-style: inherit; font-weight: inherit; letter-spacing: 0px;\"> z.B. Vor- und Zuname, Adresse, Kontaktdaten (E-Mail-Adresse, Telefonnummer, Fax), Bankdaten.<\/span><\/p><p><span style=\"color: inherit; font-family: inherit; font-size: inherit; font-style: inherit; font-weight: inherit; letter-spacing: 0px;\">Bei <\/span><strong style=\"color: inherit; font-family: inherit; font-size: inherit; font-style: inherit; letter-spacing: 0px;\">Bewerbern und Mitarbeitern <\/strong><span style=\"color: inherit; font-family: inherit; font-size: inherit; font-style: inherit; font-weight: inherit; letter-spacing: 0px;\">z\u00e4hlen hierzu z.B. Vor- und Zuname, Adresse, Kontaktdaten (E-Mail-Adresse, Telefonnummer, Fax), Geburtsdatum, Daten aus Lebenslauf und Arbeitszeugnissen, Bankdaten, Religionszugeh\u00f6rigkeit, Bildaufnahmen.<\/span><\/p><p><span style=\"color: inherit; font-family: inherit; font-size: inherit; font-style: inherit; font-weight: inherit; letter-spacing: 0px;\">Bei <\/span><strong style=\"color: inherit; font-family: inherit; font-size: inherit; font-style: inherit; letter-spacing: 0px;\">Gesch\u00e4ftspartnern<\/strong><span style=\"color: inherit; font-family: inherit; font-size: inherit; font-style: inherit; font-weight: inherit; letter-spacing: 0px;\"> z\u00e4hlen hierzu z.B. die Bezeichnung ihrer rechtsgesch\u00e4ftlichen Vertreter, Firma, Handelsregisternummer, Umsatzsteuer-ldNr., Betriebsnummer, Adresse, Ansprechpartner-Kontaktdaten (E-Mail-Adresse, Telefonnummer, Fax), Bankdaten.<\/span><\/p><p><span style=\"color: inherit; font-family: inherit; font-size: inherit; font-style: inherit; font-weight: inherit; letter-spacing: 0px;\">Bei <\/span><strong style=\"color: inherit; font-family: inherit; font-size: inherit; font-style: inherit; letter-spacing: 0px;\">Besuchern<\/strong><span style=\"color: inherit; font-family: inherit; font-size: inherit; font-style: inherit; font-weight: inherit; letter-spacing: 0px;\"> unseres Unternehmens z\u00e4hlen hierzu Name und Unterschrift.<\/span><\/p><p><span style=\"color: inherit; font-family: inherit; font-size: inherit; font-style: inherit; font-weight: inherit; letter-spacing: 0px;\">Bei <\/span><strong style=\"color: inherit; font-family: inherit; font-size: inherit; font-style: inherit; letter-spacing: 0px;\">Journalisten<\/strong><span style=\"color: inherit; font-family: inherit; font-size: inherit; font-style: inherit; font-weight: inherit; letter-spacing: 0px;\"> z\u00e4hlen hierzu Vor- und Zuname, E-Mail Adresse, Faxnummer.<\/span><\/p><p><span style=\"color: inherit; font-family: inherit; font-size: inherit; font-style: inherit; font-weight: inherit; letter-spacing: 0px;\">Dar\u00fcber hinaus verarbeiten wir auch folgende sonstige personenbezogene Daten:<\/span><\/p><ul><li>Informationen \u00fcber Art und Inhalt von Vertragsdaten, Auftragsdaten, Umsatz- und Belegdaten, Kunden- und Lieferantenhistorie sowie Beratungsunterlagen,<\/li><li>Werbe- und Vertriebsdaten,<\/li><li>Informationen aus Ihrem elektronischen Verkehr mit uns (z.B. IP-Adresse, Log-in-Daten),<\/li><li>sonstige Daten, die wir von Ihnen im Rahmen unserer Gesch\u00e4ftsbeziehung (z.B. in Kundengespr\u00e4chen) erhalten haben,<\/li><li>Daten, die wir aus Stamm- \/ Kontaktdaten sowie sonstigen Daten selbst generieren, wie z.B. mittels Kundenbedarfs- und Kundenpotentialanalysen,<\/li><li>die Dokumentation Ihrer Zustimmungserkl\u00e4rung f\u00fcr den Erhalt von z.B. Newslettern.<\/li><li>Fotoaufnahmen im Rahmen von Veranstaltungen.<\/li><\/ul><div><strong style=\"color: inherit; font-family: inherit; font-style: inherit; font-size: inherit; letter-spacing: 0px;\"><br \/>3. F\u00fcr welche Zwecke und auf welcher Rechtsgrundlage werden die Daten verarbeitet?<\/strong><\/div><p>Wir verarbeiten Ihre Daten im Einklang mit den Bestimmungen der Datenschutz-Grundverordnung (DS-GVO) und dem Bundesdatenschutzgesetz 2018 in der jeweils geltenden Fassung:<\/p><ul><li><strong>zur Erf\u00fcllung von (vor-)vertraglichen Pflichten (Art 6 Abs. 1lit.b DS-GVO):<br \/><\/strong>Die Verarbeitung Ihrer Daten erfolgt f\u00fcr die Vertragsabwicklung online oder in einer unserer Filialen, zur Vertragsabwicklung Ihrer Mitarbeiterschaft in unserem Unternehmen. Die Daten werden insbesondere bei Gesch\u00e4ftsanbahnung und bei Durchf\u00fchrung der Vertr\u00e4ge mit Ihnen verarbeitet.<\/li><\/ul><ul><li><b>zur Erf\u00fcllung rechtlicher Verpflichtungen (Art 6 Abs. 1 lit.c DS-GVO):<br \/><\/b>Eine Verarbeitung Ihrer Daten ist zum Zweck der Erf\u00fcllung unterschiedlicher gesetzlicher Verpflichtungen z.B. aus dem Handelsgesetzbuch oder der Abgabenordnung erforderlich.<\/li><\/ul><ul><li><b>zur Wahrung berechtigter Interessen (Art 6 Abs. 1 lit.f DS-GVO):<br \/><\/b>Aufgrund einer Interessenabw\u00e4gung kann eine Datenverarbeitung \u00fcber die eigentliche Erf\u00fcllung des Vertrags hinaus zur Wahrung berechtigter Interessen von uns oder Dritten erfolgen. Eine Datenverarbeitung zur Wahrung berechtigter Interessen erfolgt beispielsweise in folgenden F\u00e4llen:<ul><li><span style=\"color: inherit; font-family: inherit; font-size: inherit; font-style: inherit; font-weight: inherit; letter-spacing: 0px;\">Werbung oder Marketing (siehe Nr. 4),<\/span><\/li><li><span style=\"color: inherit; font-family: inherit; font-size: inherit; font-style: inherit; font-weight: inherit; letter-spacing: 0px;\">Ma\u00dfnahmen zur Gesch\u00e4ftssteuerung und Weiterentwicklung von Dienstleistungen und Produkten;<\/span><\/li><li><span style=\"color: inherit; font-family: inherit; font-size: inherit; font-style: inherit; font-weight: inherit; letter-spacing: 0px;\">\u00a0F\u00fchren einer konzernweiten Kundendatenbank zur Verbesserung des Kundenservice<\/span><\/li><li><span style=\"color: inherit; font-family: inherit; font-size: inherit; font-style: inherit; font-weight: inherit; letter-spacing: 0px;\">im Rahmen der Rechtsverfolgung<\/span><\/li><li><span style=\"color: inherit; font-family: inherit; font-size: inherit; font-style: inherit; font-weight: inherit; letter-spacing: 0px;\">Zusendung von nicht-absatzf\u00f6rdernden Informationen und Pressemitteilungen.<\/span><\/li><\/ul><\/li><li><strong>im Rahmen Ihrer Einwilligung (Art 6 Abs. 1lit.a DSGVO):<br \/><\/strong>Wenn Sie uns eine Einwilligung zur Verarbeitung Ihrer Daten erteilt haben, z.B. zur Zusendung unseres Newsletters, Ver\u00f6ffentlichung von Fotos.<\/li><\/ul><p><strong>4. Verarbeitung personenbezogener Daten zu Werbezwecken<\/strong><\/p><p>Der Verwendung Ihrer personenbezogenen Daten f\u00fcr Werbezwecke k\u00f6nnen Sie jederzeit insgesamt oder f\u00fcr einzelne Ma\u00dfnahmen widersprechen, ohne dass hierf\u00fcr andere als die \u00dcbermittlungskosten nach den Basistarifen entstehen.<\/p><p>Wir sind unter den gesetzlichen Voraussetzungen des \u00a7 7 Abs.3 UWG berechtigt, die E-Mail-Adresse, die Sie bei Vertragsabschluss angegeben haben, zur Direktwerbung f\u00fcr eigene \u00e4hnliche Waren oder Dienstleistungen zu nutzen. Diese Produktempfehlungen erhalten Sie von uns unabh\u00e4ngig davon, ob Sie einen Newsletter abonniert haben.<\/p><p>Wenn Sie keine derartigen Empfehlungen per E-Mail von uns erhalten m\u00f6chten, k\u00f6nnen Sie der Verwendung Ihrer Adresse zu diesem Zweck jederzeit widersprechen, ohne dass hierf\u00fcr andere als die \u00dcbermittlungskosten nach den Basistarifen entstehen. Eine Mitteilung in Textform reicht hierf\u00fcr aus. Selbstverst\u00e4ndlich ist in jeder E-Mail immer auch ein Abmeldelink enthalten.<\/p><p><span style=\"color: inherit; font-family: inherit; font-style: inherit; font-size: inherit; letter-spacing: 0px;\"><b>5. W<\/b><\/span><strong style=\"color: inherit; font-family: inherit; font-style: inherit; font-size: inherit; letter-spacing: 0px;\">er erh\u00e4lt meine Daten?<\/strong><\/p><p><span style=\"color: inherit; font-family: inherit; font-size: inherit; font-style: inherit; font-weight: inherit; letter-spacing: 0px;\">Wenn wir einen Dienstleister im Sinn einer Auftragsverarbeitung einsetzen, bleiben wir dennoch f\u00fcr den Schutz Ihrer Daten verantwortlich. S\u00e4mtliche Auftragsverarbeiter sind vertraglich dazu verpflichtet, Ihre Daten vertraulich zu behandeln und nur im Rahmen der Leistungserbringung zu verarbeiten. Die von uns beauftragten Auftragsverarbeiter erhalten Ihre Daten, sofern diese die Daten zur Erf\u00fcllung ihrer jeweiligen Leistung ben\u00f6tigen. Diese sind z.B. IT- Dienstleister, die wir f\u00fcr Betrieb und Sicherheit unseres IT-Systems ben\u00f6tigen sowie Werbe- und Adressenverlage f\u00fcr eigene Werbeaktionen.<\/span><\/p><p>Ihre Daten werden in unserer Kundendatenbank verarbeitet. Die Kundendatenbank unterst\u00fctzt die Anhebung der Datenqualit\u00e4t der vorhandenen Kundendaten (Dublettenbereinigung, verzogen\/verstorben-Kennzeichen, Adresskorrektur), und erm\u00f6glicht die Anreicherung mit Daten aus \u00f6ffentlichen Quellen.<\/p><p>Diese Daten werden Dritten, sofern zur Vertragsabwicklung notwendig, zur Verf\u00fcgung gestellt.<\/p><p>Bei Vorliegen einer gesetzlichen Verpflichtung sowie im Rahmen der Rechtsverfolgung k\u00f6nnen Beh\u00f6rden und Gerichte sowie externe Auditoren Empf\u00e4nger Ihrer Daten sein.<\/p><p>Dar\u00fcber\u00a0\u00a0 hinaus\u00a0\u00a0 k\u00f6nnen\u00a0\u00a0 zum\u00a0\u00a0 Zweck\u00a0\u00a0 der\u00a0\u00a0 Vertragsanbahnung\u00a0\u00a0\u00a0 und\u00a0\u00a0 -erf\u00fcllung Versicherungen, Banken, Auskunfteien und Dienstleister Empf\u00e4nger Ihrer Daten sein.<\/p><p><span style=\"color: inherit; font-family: inherit; font-size: inherit; font-style: inherit; letter-spacing: 0px;\"><br \/><b>6. Wie lange werden meine Daten gespeichert?<\/b><\/span><strong style=\"color: inherit; font-family: inherit; font-size: inherit; font-style: inherit; letter-spacing: 0px;\">\u00a0<\/strong><\/p><p>Wir verarbeiten Ihre Daten bis zur Beendigung der Gesch\u00e4ftsbeziehung oder bis zum Ablauf der geltenden gesetzlichen Aufbewahrungsfristen (etwa aus dem Handelsgesetzbuch, der Abgabenordnung, oder Arbeitszeitgesetz); dar\u00fcber hinaus bis zur Beendigung von allf\u00e4lligen Rechtsstreitigkeiten, bei denen die Daten als Beweis ben\u00f6tigt werden.<\/p><p><b style=\"color: inherit; font-family: inherit; font-size: inherit; font-style: inherit; letter-spacing: 0px;\">7. Werden personenbezogene Daten an ein Drittland \u00fcbermittelt?<\/b><\/p><p><span style=\"color: inherit; font-family: inherit; font-size: inherit; font-style: inherit; font-weight: inherit; letter-spacing: 0px;\">Grunds\u00e4tzlich werden von uns keine Daten an ein Drittland \u00fcbermittelt. Eine \u00dcbermittlung findet im Einzelfall nur auf Grundlage eines Angemessenheitsbeschlusses der Europ\u00e4ischen Kommission, Standardvertragsklauseln, geeigneter Garantien oder Ihrer ausdr\u00fccklichen Zustimmung statt.<\/span><\/p><p><strong style=\"color: inherit; font-family: inherit; font-size: inherit; font-style: inherit; letter-spacing: 0px;\"><br \/>8. Welche Datenschutzrechte habe ich?<\/strong><\/p><p>Sie haben jederzeit ein Recht auf Auskunft, Berichtigung, L\u00f6schung oder Einschr\u00e4nkung der Verarbeitung Ihrer gespeicherten Daten, ein Widerspruchsrecht gegen die Verarbeitung sowie ein Recht auf Daten\u00fcbertragbarkeit und auf Beschwerde gem\u00e4\u00df den Voraussetzungen des Datenschutzrechts.<\/p><p><strong>Recht auf Auskunft:<\/strong><\/p><p>Sie k\u00f6nnen von uns eine Auskunft verlangen, ob und in welchem Ausma\u00df wir Ihre Daten verarbeiten.<\/p><p><strong>Recht auf Berichtigung:<\/strong><\/p><p>Verarbeiten wir Ihre Daten, die unvollst\u00e4ndig oder unrichtig sind, so k\u00f6nnen Sie jederzeit deren Berichtigung bzw. deren Vervollst\u00e4ndigung von uns verlangen.<\/p><p><strong>Recht auf L\u00f6schung:<\/strong><\/p><p>Sie k\u00f6nnen von uns die L\u00f6schung Ihrer Daten verlangen, sofern wir diese unrechtm\u00e4\u00dfig verarbeiten oder die Verarbeitung unverh\u00e4ltnism\u00e4\u00dfig in Ihre berechtigten Schutzinteressen eingreift. Bitte beachten Sie, dass es Gr\u00fcnde geben kann, die einer sofortigen L\u00f6schung entgegenstehen, z.B. im Fall von gesetzlich geregelten Aufbewahrungspflichten.<\/p><p>Unabh\u00e4ngig von der Wahrnehmung Ihres Rechts auf L\u00f6schung, werden wir Ihre Daten umgehend und vollst\u00e4ndig l\u00f6schen, soweit keine diesbez\u00fcgliche rechtsgesch\u00e4ftliche oder gesetzliche Aufbewahrungspflicht entgegensteht.<\/p><p><strong>Recht auf Einschr\u00e4nkung der Verarbeitung:<\/strong><\/p><p>Sie k\u00f6nnen von uns die Einschr\u00e4nkung der Verarbeitung Ihrer Daten verlangen, wenn<\/p><ul><li>Sie die Richtigkeit der Daten bestreiten, und zwar f\u00fcr eine Dauer, die es uns erm\u00f6glicht, die Richtigkeit der Daten zu \u00fcberpr\u00fcfen.<\/li><li>die Verarbeitung der Daten unrechtm\u00e4\u00dfig ist, Sie aber eine L\u00f6schung ablehnen und stattdessen eine Einschr\u00e4nkung der Datennutzung verlangen,<\/li><li>wir die Daten f\u00fcr den vorgesehenen Zweck nicht mehr ben\u00f6tigen, Sie diese Daten aber noch zur Geltendmachung oder Verteidigung von Rechtsanspr\u00fcchen brauchen, oder<\/li><li>Sie Widerspruch gegen die Verarbeitung der Daten eingelegt haben.<\/li><\/ul><p><b>Recht auf Daten\u00fcbertragbarkeit:<br \/><\/b><span style=\"color: inherit; font-family: inherit; font-size: inherit; font-style: inherit; font-weight: inherit; letter-spacing: 0px;\">Sie k\u00f6nnen von uns verlangen, dass wir Ihnen Ihre Daten, die Sie uns bereitgestellt haben, in einem strukturierten, g\u00e4ngigen und maschinenlesbaren Format zur Verf\u00fcgung stellen und dass Sie diese Daten einem anderen Verantwortlichen ohne Behinderung durch uns \u00fcbermitteln k\u00f6nnen, sofern<\/span><\/p><ul><li>wir diese Daten aufgrund einer von Ihnen erteilten und widerrufbaren Zustimmung oder zur Erf\u00fcllung eines Vertrages zwischen uns verarbeiten, und<\/li><li>diese Verarbeitung mithilfe automatisierter Verfahren erfolgt.<\/li><\/ul><p>Bei technischer Machbarkeit k\u00f6nnen Sie von uns eine direkte \u00dcbermittlung Ihrer Daten an einen anderen Verantwortlichen verlangen.<\/p><p><strong>Widerspruchsrecht:<\/strong><\/p><p>Verarbeiten wir Ihre Daten aus berechtigtem Interesse, so k\u00f6nnen Sie gegen diese Datenverarbeitung jederzeit Widerspruch einlegen; dies w\u00fcrde auch f\u00fcr ein auf diese Bestimmungen gest\u00fctztes Profiling gelten. Wir verarbeiten dann Ihre Daten nicht mehr, es sei denn, wir k\u00f6nnen zwingende schutzw\u00fcrdige Gr\u00fcnde f\u00fcr die Verarbeitung nachweisen, die Ihre Interessen, Rechte und Freiheiten \u00fcberwiegen oder die Verarbeitung dient der Geltendmachung, Aus\u00fcbung oder Verteidigung von Rechtsanspr\u00fcchen. Der Verarbeitung Ihrer Daten zum Zweck der Direktwerbung k\u00f6nnen Sie jederzeit ohne Angabe von Gr\u00fcnden widersprechen.<\/p><p><strong>Beschwerderecht:<\/strong><\/p><p>Sind Sie der Meinung, dass wir bei der Verarbeitung Ihrer Daten gegen deutsches oder europ\u00e4isches Datenschutzrecht versto\u00dfen, so bitten wir Sie, mit uns Kontakt aufzunehmen, um Fragen aufkl\u00e4ren zu k\u00f6nnen. Sie haben selbstverst\u00e4ndlich auch das Recht, sich an die f\u00fcr Sie zust\u00e4ndige Aufsichtsbeh\u00f6rde, das jeweilige Landesamt f\u00fcr Datenschutzaufsicht, zu wenden.<\/p><p>Sofern Sie eines der genannten Rechte uns gegen\u00fcber geltend machen wollen, so wenden Sie sich bitte an unseren Datenschutzbeauftragten. Im Zweifel k\u00f6nnen wir zus\u00e4tzliche Informationen zur Best\u00e4tigung Ihrer Identit\u00e4t anfordern.<\/p><p><strong style=\"color: inherit; font-family: inherit; font-size: inherit; font-style: inherit; letter-spacing: 0px;\">9. Bin ich zur Bereitstellung von Daten verpflichtet?<\/strong><\/p><p>Die Verarbeitung Ihrer Daten ist zum Abschluss bzw. zur Erf\u00fcllung Ihres mit uns eingegangenen Vertrages erforderlich. Wenn Sie uns diese Daten nicht zur Verf\u00fcgung stellen, werden wir den Abschluss des Vertrags in der Regel ablehnen m\u00fcssen oder einen bestehenden Vertrag nicht mehr durchf\u00fchren k\u00f6nnen und folglich beenden m\u00fcssen. Sie sind jedoch nicht verpflichtet, hinsichtlich f\u00fcr die Vertragserf\u00fcllung nicht relevanter bzw. gesetzlich nicht erforderlicher Daten eine Einwilligung zur Datenverarbeitung zu erteilen.<\/p>\t\t\t\t\t<\/div>\n\t\t\t\t\t\t<\/div>\n\t\t\t\t<\/div>\n\t\t\t\t\t\t<\/div>\n\t\t\t\t\t<\/div>\n\t\t<\/div>\n\t\t\t\t\t\t\t\t<\/div>\n\t\t\t\t\t<\/div>\n\t\t<\/section>\n\t\t\t\t<section class=\"elementor-section elementor-top-section elementor-element elementor-element-1aa5b70 elementor-section-boxed elementor-section-height-default elementor-section-height-default\" data-id=\"1aa5b70\" data-element_type=\"section\" data-settings=\"{&quot;background_background&quot;:&quot;classic&quot;,&quot;shape_divider_bottom&quot;:&quot;curve&quot;,&quot;shape_divider_bottom_negative&quot;:&quot;yes&quot;}\">\n\t\t\t\t\t<div class=\"elementor-shape elementor-shape-bottom\" data-negative=\"true\">\n\t\t\t<svg xmlns=\"http:\/\/www.w3.org\/2000\/svg\" viewBox=\"0 0 1000 100\" preserveAspectRatio=\"none\">\n\t<path class=\"elementor-shape-fill\" d=\"M500,97C126.7,96.3,0.8,19.8,0,0v100l1000,0V1C1000,19.4,873.3,97.8,500,97z\"\/>\n<\/svg>\t\t<\/div>\n\t\t\t\t\t<div class=\"elementor-container elementor-column-gap-default\">\n\t\t\t\t\t\t\t<div class=\"elementor-row\">\n\t\t\t\t\t<div class=\"elementor-column elementor-col-100 elementor-top-column elementor-element elementor-element-6cc920e\" data-id=\"6cc920e\" data-element_type=\"column\">\n\t\t\t<div class=\"elementor-column-wrap elementor-element-populated\">\n\t\t\t\t\t\t\t<div class=\"elementor-widget-wrap\">\n\t\t\t\t\t\t<div class=\"elementor-element elementor-element-c54fe96 elementor-widget elementor-widget-heading\" data-id=\"c54fe96\" data-element_type=\"widget\" data-widget_type=\"heading.default\">\n\t\t\t\t<div class=\"elementor-widget-container\">\n\t\t\t<h2 class=\"elementor-heading-title elementor-size-default\">Begleite und gestalte die Reise von Tape.<\/h2>\t\t<\/div>\n\t\t\t\t<\/div>\n\t\t\t\t<div class=\"elementor-element elementor-element-7e61389 elementor-widget__width-auto elementor-widget-tablet__width-auto elementor-widget-mobile__width-inherit elementor-mobile-align-justify elementor-widget elementor-widget-button\" data-id=\"7e61389\" data-element_type=\"widget\" data-settings=\"{&quot;_animation&quot;:&quot;none&quot;,&quot;_animation_delay&quot;:50}\" data-widget_type=\"button.default\">\n\t\t\t\t<div class=\"elementor-widget-container\">\n\t\t\t\t\t<div class=\"elementor-button-wrapper\">\n\t\t\t<a href=\"https:\/\/tapeapp.com\/get-started?lang=de\" class=\"elementor-button-link elementor-button elementor-size-lg\" role=\"button\">\n\t\t\t\t\t\t<span class=\"elementor-button-content-wrapper\">\n\t\t\t\t\t\t<span class=\"elementor-button-text\">Kostenlos testen<\/span>\n\t\t<\/span>\n\t\t\t\t\t<\/a>\n\t\t<\/div>\n\t\t\t\t<\/div>\n\t\t\t\t<\/div>\n\t\t\t\t<div class=\"elementor-element elementor-element-9c24da2 elementor-widget__width-auto elementor-widget-mobile__width-inherit elementor-mobile-align-justify elementor-widget elementor-widget-button\" data-id=\"9c24da2\" data-element_type=\"widget\" data-settings=\"{&quot;_animation&quot;:&quot;none&quot;,&quot;_animation_delay&quot;:100}\" data-widget_type=\"button.default\">\n\t\t\t\t<div class=\"elementor-widget-container\">\n\t\t\t\t\t<div class=\"elementor-button-wrapper\">\n\t\t\t<a href=\"https:\/\/get.tapeapp.com\/newsletter\/\" class=\"elementor-button-link elementor-button elementor-size-lg\" role=\"button\">\n\t\t\t\t\t\t<span class=\"elementor-button-content-wrapper\">\n\t\t\t\t\t\t<span class=\"elementor-button-text\">Updates erhalten<\/span>\n\t\t<\/span>\n\t\t\t\t\t<\/a>\n\t\t<\/div>\n\t\t\t\t<\/div>\n\t\t\t\t<\/div>\n\t\t\t\t\t\t<\/div>\n\t\t\t\t\t<\/div>\n\t\t<\/div>\n\t\t\t\t\t\t\t\t<\/div>\n\t\t\t\t\t<\/div>\n\t\t<\/section>\n\t\t\t\t\t\t\t\t\t<\/div>\n\t\t\t<\/div>\n\t\t\t\t\t<\/div>\n\t\t","protected":false},"excerpt":{"rendered":"<p>Informationspflichten Informationspflichten\u00a0gem. Art.13 DS-GVO Der Schutz Ihrer pers\u00f6nlichen Daten ist uns ein besonderes Anliegen. Wir verarbeiten Ihre personenbezogenen Daten (kurz \u201eDaten&#8220;) daher ausschlie\u00dflich auf Grundlage der gesetzlichen Bestimmungen. Mit dieser Datenschutzerkl\u00e4rung wollen wir Sie \u00fcber die Verarbeitung Ihrer Daten in &hellip; <a href=\"https:\/\/get.tapeapp.com\/de\/agb-datenschutz\/informationspflichten\/\">Read More<\/a><\/p>\n","protected":false},"author":1,"featured_media":0,"parent":15411,"menu_order":27,"comment_status":"closed","ping_status":"closed","template":"elementor_theme","meta":{"inline_featured_image":false},"_links":{"self":[{"href":"https:\/\/get.tapeapp.com\/de\/wp-json\/wp\/v2\/pages\/1683"}],"collection":[{"href":"https:\/\/get.tapeapp.com\/de\/wp-json\/wp\/v2\/pages"}],"about":[{"href":"https:\/\/get.tapeapp.com\/de\/wp-json\/wp\/v2\/types\/page"}],"author":[{"embeddable":true,"href":"https:\/\/get.tapeapp.com\/de\/wp-json\/wp\/v2\/users\/1"}],"replies":[{"embeddable":true,"href":"https:\/\/get.tapeapp.com\/de\/wp-json\/wp\/v2\/comments?post=1683"}],"version-history":[{"count":69,"href":"https:\/\/get.tapeapp.com\/de\/wp-json\/wp\/v2\/pages\/1683\/revisions"}],"predecessor-version":[{"id":8138,"href":"https:\/\/get.tapeapp.com\/de\/wp-json\/wp\/v2\/pages\/1683\/revisions\/8138"}],"up":[{"embeddable":true,"href":"https:\/\/get.tapeapp.com\/de\/wp-json\/wp\/v2\/pages\/15411"}],"wp:attachment":[{"href":"https:\/\/get.tapeapp.com\/de\/wp-json\/wp\/v2\/media?parent=1683"}],"curies":[{"name":"wp","href":"https:\/\/api.w.org\/{rel}","templated":true}]}}